{"id":581,"date":"2025-10-18T10:02:52","date_gmt":"2025-10-18T10:02:52","guid":{"rendered":"https:\/\/www.rehlax.at\/?page_id=581"},"modified":"2025-10-18T10:19:24","modified_gmt":"2025-10-18T10:19:24","slug":"powerchair","status":"publish","type":"page","link":"https:\/\/www.rehlax.at\/?page_id=581","title":{"rendered":"POWERchair"},"content":{"rendered":"\n<p><strong>Viele Betroffene leiden Still. Harninkontinenz, R\u00fcckenschmerzen, Nackenschmerzen, Libidoverlust, Knieprobleme, Beckenbodenschw\u00e4che und&nbsp;<\/strong><\/p>\n\n\n\n<p><strong>Durchblutungsst\u00f6rungen. Das sind Symtome eines Schwachen Beckenbodens.&nbsp;<\/strong><\/p>\n\n\n\n<p><strong>Der POWERchair kann hier Abhilfe schaffen&nbsp;&nbsp;<\/strong><\/p>\n\n\n\n<figure class=\"wp-block-image size-large is-resized\"><img loading=\"lazy\" decoding=\"async\" width=\"1024\" height=\"575\" src=\"https:\/\/www.rehlax.at\/wp-content\/uploads\/2025\/10\/powerchair1-1024x575.jpg\" alt=\"\" class=\"wp-image-577\" style=\"width:500px\" srcset=\"https:\/\/www.rehlax.at\/wp-content\/uploads\/2025\/10\/powerchair1-1024x575.jpg 1024w, https:\/\/www.rehlax.at\/wp-content\/uploads\/2025\/10\/powerchair1-300x169.jpg 300w, https:\/\/www.rehlax.at\/wp-content\/uploads\/2025\/10\/powerchair1-768x432.jpg 768w, https:\/\/www.rehlax.at\/wp-content\/uploads\/2025\/10\/powerchair1.jpg 1500w\" sizes=\"auto, (max-width: 1024px) 100vw, 1024px\" \/><\/figure>\n\n\n\n<p>Der Beckenbodenstuhl POWERchair trainiert den Beckenboden und die umliegende Muskulatur. Von Physiotherapeuten getestet und f\u00fcr wirkungsvoll befunden.&nbsp;<\/p>\n\n\n\n<p>Trainiert wird im Sitzen, komplett angekleidet. Durch elektromagnetische Impulse wird die Muskulatur zum kontrahieren gebracht.&nbsp; Also ohne aktives mitwirken. Eine revolutionere Art und Weise den Beckenboden zu trainieren.&nbsp;<\/p>\n\n\n\n<p><strong>Effizienz durch Technologie:&nbsp;<\/strong>Der POWERchair nutzt elektromagnetische Wellen, um innerhalb von nur 30 Minuten 15.000 Muskelkontraktionen im Beckenboden zu erzeugen.&nbsp;<\/p>\n\n\n\n<p>Dies entspricht dem Effekt eines halben Jahres traditionellen Trainings bei zweimaliger Aus\u00fcbung pro Woche.<\/p>\n\n\n\n<p><strong>Schnelle und sichtbare Ergebnisse:&nbsp;<\/strong>Bereits nach 3-6 Anwendungen k\u00f6nnen Nutzer signifikante Verbesserungen in der Beckenbodenst\u00e4rke und -funktion feststellen, was den POWERchair zu einer attraktiven Option f\u00fcr die schnelle Erzielung von Ergebnissen macht.<\/p>\n\n\n\n<p><strong>Umfassende Anwendungsbereiche:<\/strong>&nbsp;Der POWERchair bietet L\u00f6sungen f\u00fcr eine Vielzahl von Problemen, darunter R\u00fccken- und Nackenschmerzen, sexuelle Unlust, Blasenschw\u00e4che, Inkontinenz und Menstruationsschmerzen, und tr\u00e4gt somit zur Verbesserung der Lebensqualit\u00e4t bei.<\/p>\n\n\n\n<p><strong>Empfohlener Behandlungsplan:<\/strong>&nbsp;F\u00fcr optimale Ergebnisse empfehlen wir einen initialen Plan von sechs Behandlungen innerhalb der ersten 30 Tage, mit einer spezifischen Anpassung an individuelle Bed\u00fcrfnisse und Zyklen.<\/p>\n\n\n\n<p><strong>Nach der Schwangerschaft:<\/strong>&nbsp;Der POWERchair ist besonders effektiv in der Unterst\u00fctzung der R\u00fcckbildung nach der Geburt, mit einem empfohlenen Start acht Wochen nach der Entbindung.<\/p>\n\n\n\n<p><strong>Tiefenwirksame Stimulation:<\/strong>&nbsp;Im Gegensatz zu herk\u00f6mmlichem Training erreicht der POWERchair alle drei Schichten der Beckenbodenmuskulatur bis zu 10 cm Tiefe, was eine gleichm\u00e4\u00dfige und umfassende Kr\u00e4ftigung erm\u00f6glicht.<\/p>\n\n\n\n<p><strong>Statistische Relevanz:&nbsp;<\/strong>Angesichts der Tatsache, dass 80% der Bev\u00f6lkerung unter Beckenbodenschw\u00e4che leiden, von denen jedoch nur 25% in Behandlung sind, bietet der POWERchair eine innovative und notwendige L\u00f6sung f\u00fcr ein weit verbreitetes Problem.<\/p>\n\n\n\n<p>Der POWERchair repr\u00e4sentiert einen signifikanten Fortschritt im Bereich des Beckenbodentrainings und bietet eine effektive, schnelle und benutzerfreundliche L\u00f6sung f\u00fcr eine breite Palette von Problemen.<\/p>\n","protected":false},"excerpt":{"rendered":"<p>Viele Betroffene leiden Still. Harninkontinenz, R\u00fcckenschmerzen, Nackenschmerzen, Libidoverlust, Knieprobleme, Beckenbodenschw\u00e4che und&nbsp; Durchblutungsst\u00f6rungen. Das sind Symtome eines Schwachen Beckenbodens.&nbsp; Der POWERchair kann hier Abhilfe schaffen&nbsp;&nbsp; Der Beckenbodenstuhl POWERchair trainiert den Beckenboden und die umliegende Muskulatur. Von Physiotherapeuten getestet und f\u00fcr wirkungsvoll<\/p>\n","protected":false},"author":1,"featured_media":0,"parent":0,"menu_order":7,"comment_status":"closed","ping_status":"closed","template":"","meta":{"footnotes":""},"class_list":["post-581","page","type-page","status-publish","hentry"],"_links":{"self":[{"href":"https:\/\/www.rehlax.at\/index.php?rest_route=\/wp\/v2\/pages\/581","targetHints":{"allow":["GET"]}}],"collection":[{"href":"https:\/\/www.rehlax.at\/index.php?rest_route=\/wp\/v2\/pages"}],"about":[{"href":"https:\/\/www.rehlax.at\/index.php?rest_route=\/wp\/v2\/types\/page"}],"author":[{"embeddable":true,"href":"https:\/\/www.rehlax.at\/index.php?rest_route=\/wp\/v2\/users\/1"}],"replies":[{"embeddable":true,"href":"https:\/\/www.rehlax.at\/index.php?rest_route=%2Fwp%2Fv2%2Fcomments&post=581"}],"version-history":[{"count":2,"href":"https:\/\/www.rehlax.at\/index.php?rest_route=\/wp\/v2\/pages\/581\/revisions"}],"predecessor-version":[{"id":586,"href":"https:\/\/www.rehlax.at\/index.php?rest_route=\/wp\/v2\/pages\/581\/revisions\/586"}],"wp:attachment":[{"href":"https:\/\/www.rehlax.at\/index.php?rest_route=%2Fwp%2Fv2%2Fmedia&parent=581"}],"curies":[{"name":"wp","href":"https:\/\/api.w.org\/{rel}","templated":true}]}}