{"id":487,"date":"2021-09-01T08:05:16","date_gmt":"2021-09-01T08:05:16","guid":{"rendered":"https:\/\/www.rehlax.at\/?page_id=487"},"modified":"2024-05-10T09:26:43","modified_gmt":"2024-05-10T09:26:43","slug":"impressum","status":"publish","type":"page","link":"https:\/\/www.rehlax.at\/?page_id=487","title":{"rendered":"Impressum"},"content":{"rendered":"\n<p class=\"has-text-align-center\">Steflitsch Nicole<br>Weilhartstra\u00dfe 56<br>5121 Ostermiething<\/p>\n\n\n\n<p class=\"has-text-align-center\">e-mail: <a href=\"mailto:nicole@rehlax.at\">nicole@rehlax.at<\/a><br>Tel.: 0043 \/ 660 \/ 4859553<br><\/p>\n\n\n\n<p>Gewerbescheine:<br><br>freischaffende K\u00fcnstlerin&nbsp; &#8211; Schuckherstellung und Kunsthandwerk<br><br>freies Gewerbe \/ Energetiker<br><br><br>Mitglied der WK\u00d6, WKO\u00d6<\/p>\n\n\n\n<p>Gewerbeordnung: <a href=\"http:\/\/www.ris.bka.gv.at\">www.ris.bka.gv.at<\/a><br><br>Bezirkshauptmannschaft: Braunau am Inn<br><br>Fotos: steflitsch Nicole<br><br><br><strong>Copyright<br><br>Die Konzeption sowie Grafiken unterliegen &#8211; wenn nicht anders angegeben &#8211; dem Copyright von Nicole Steflitsch. Das uneingeschr\u00e4nkte Nutzungsrecht zur ausschliesslichen Verwendung liegt bei Nicole Steflitsch. Bilder &#8211; wenn nicht anders angegeben &#8211; unterliegen dem Copyright des Betreibers oder hat er das Einverst\u00e4ndnis des Urhebers daf\u00fcr eingeholt. Eine Reproduktion oder Wiedergabe des Ganzen oder von Teilen in jedweder Form bedarf der ausdr\u00fccklichen schriftlichen Genehmigung.<\/strong><\/p>\n\n\n\n<p><br><strong>Disclaimer<\/strong><br>Der genannte Betreiber ist bem\u00fcht, richtige und vollst\u00e4ndige Informationen auf dieser Webseite bereitzustellen, \u00fcbernimmt aber keinerlei Verantwortung, Garantien oder Haftung daf\u00fcr, dass die durch diese Webseite bereitgestellten Informationen, einschliesslich jeglicher Datenbankeintr\u00e4ge, richtig, vollst\u00e4ndig oder aktuell sind.<br><br>Der Betreiber beh\u00e4lt sich das Recht vor, jederzeit und ohne Vorank\u00fcndigung die Informationen auf dieser Webseite zu \u00e4ndern und verpflichtet sich auch nicht, die enthaltenen Informationen zu aktualisieren. Die Hypertext-Links sind ausschliesslich als Vereinfachung f\u00fcr die Benutzer gedacht und die Aufnahme eines beliebigen Links bedeutet keine Unterst\u00fctzung oder Empfehlung der verlinkten Information durch den Betreiber und spiegelt nicht die Meinung des Betreibers wider. Der Betreiber ist in keiner Weise verantwortlich f\u00fcr die Inhalte auf irgendeiner verlinkten Webseite oder irgendeinem Link in einer verlinkten Webseite.<br><br>In keinem Fall kann der Betreiber f\u00fcr Sch\u00e4den irgendeiner Art haftbar gemacht werden, die sich aus der Nutzung oder den Inhalten oder der Verf\u00fcgbarkeit dieser Webseite, oder den Dokumenten, Diensten und Informationen auf dieser Webseite ergeben k\u00f6nnten. Dabei ist es gleichg\u00fcltig, ob der Schaden direkter, indirekter oder finanzieller Natur ist, oder ein Folgeschaden oder sonstiger Schaden ist, der sich aus Datenverlust, Nutzungsausfall oder sonstigen Gr\u00fcnden aller Art ergeben k\u00f6nnte.Copyright<\/p>\n\n\n\n<p>Die Konzeption sowie Grafiken unterliegen &#8211; wenn nicht anders angegeben &#8211; dem Copyright von Nicole Steflitsch. Das uneingeschr\u00e4nkte Nutzungsrecht zur ausschliesslichen Verwendung liegt bei Nicole Steflitsch. Bilder &#8211; wenn nicht anders angegeben &#8211; unterliegen dem Copyright des Betreibers oder hat er das Einverst\u00e4ndnis des Urhebers daf\u00fcr eingeholt. Eine Reproduktion oder Wiedergabe des Ganzen oder von Teilen in jedweder Form bedarf der ausdr\u00fccklichen schriftlichen Genehmigung.<\/p>\n","protected":false},"excerpt":{"rendered":"<p>Steflitsch NicoleWeilhartstra\u00dfe 565121 Ostermiething e-mail: nicole@rehlax.atTel.: 0043 \/ 660 \/ 4859553 Gewerbescheine: freischaffende K\u00fcnstlerin&nbsp; &#8211; Schuckherstellung und Kunsthandwerk freies Gewerbe \/ Energetiker Mitglied der WK\u00d6, WKO\u00d6 Gewerbeordnung: www.ris.bka.gv.at Bezirkshauptmannschaft: Braunau am Inn Fotos: steflitsch Nicole Copyright Die Konzeption sowie Grafiken<\/p>\n","protected":false},"author":1,"featured_media":0,"parent":0,"menu_order":0,"comment_status":"closed","ping_status":"closed","template":"","meta":{"footnotes":""},"class_list":["post-487","page","type-page","status-publish","hentry"],"_links":{"self":[{"href":"https:\/\/www.rehlax.at\/index.php?rest_route=\/wp\/v2\/pages\/487","targetHints":{"allow":["GET"]}}],"collection":[{"href":"https:\/\/www.rehlax.at\/index.php?rest_route=\/wp\/v2\/pages"}],"about":[{"href":"https:\/\/www.rehlax.at\/index.php?rest_route=\/wp\/v2\/types\/page"}],"author":[{"embeddable":true,"href":"https:\/\/www.rehlax.at\/index.php?rest_route=\/wp\/v2\/users\/1"}],"replies":[{"embeddable":true,"href":"https:\/\/www.rehlax.at\/index.php?rest_route=%2Fwp%2Fv2%2Fcomments&post=487"}],"version-history":[{"count":7,"href":"https:\/\/www.rehlax.at\/index.php?rest_route=\/wp\/v2\/pages\/487\/revisions"}],"predecessor-version":[{"id":568,"href":"https:\/\/www.rehlax.at\/index.php?rest_route=\/wp\/v2\/pages\/487\/revisions\/568"}],"wp:attachment":[{"href":"https:\/\/www.rehlax.at\/index.php?rest_route=%2Fwp%2Fv2%2Fmedia&parent=487"}],"curies":[{"name":"wp","href":"https:\/\/api.w.org\/{rel}","templated":true}]}}