{"id":44,"date":"2019-11-07T19:24:30","date_gmt":"2019-11-07T19:24:30","guid":{"rendered":"http:\/\/www.rehlax.at\/?page_id=44"},"modified":"2025-10-18T10:12:18","modified_gmt":"2025-10-18T10:12:18","slug":"anwendungen","status":"publish","type":"page","link":"https:\/\/www.rehlax.at\/?page_id=44","title":{"rendered":"Anwendungen"},"content":{"rendered":"\n<p>Humanenergetische Anwendungen: <\/p>\n\n\n\n<p><a href=\"https:\/\/www.rehlax.at\/?page_id=224\">Atlas Wirbels\u00e4ulenstabilisierung<\/a><\/p>\n\n\n\n<p><a href=\"https:\/\/www.rehlax.at\/?page_id=248\">Reiki <\/a><\/p>\n\n\n\n<p><a href=\"https:\/\/www.rehlax.at\/?page_id=266\">Heilstr\u00f6men<\/a><\/p>\n\n\n\n<p><a href=\"https:\/\/www.rehlax.at\/?page_id=281\">Steinheilkunde<\/a><\/p>\n\n\n\n<p>Weitere Leistungen :<\/p>\n\n\n\n<p><a href=\"https:\/\/www.rehlax.at\/?page_id=310\">Mentaltraining<\/a><\/p>\n\n\n\n<p><a href=\"https:\/\/www.rehlax.at\/?page_id=581\" data-type=\"link\" data-id=\"https:\/\/www.rehlax.at\/?page_id=281\">POWERChair<\/a><\/p>\n\n\n\n<p><a href=\"https:\/\/www.rehlax.at\/?page_id=411\">Schmuck, Kunst- und Kraftgegenst\u00e4nde<\/a><\/p>\n\n\n\n<p><\/p>\n\n\n\n<p><\/p>\n\n\n\n<p><a href=\"https:\/\/www.rehlax.at\/?page_id=256\">Preise und Intervall<\/a><\/p>\n","protected":false},"excerpt":{"rendered":"<p>Humanenergetische Anwendungen: Atlas Wirbels\u00e4ulenstabilisierung Reiki Heilstr\u00f6men Steinheilkunde Weitere Leistungen : Mentaltraining POWERChair Schmuck, Kunst- und Kraftgegenst\u00e4nde Preise und Intervall<\/p>\n","protected":false},"author":1,"featured_media":0,"parent":0,"menu_order":11,"comment_status":"closed","ping_status":"closed","template":"","meta":{"footnotes":""},"class_list":["post-44","page","type-page","status-publish","hentry"],"_links":{"self":[{"href":"https:\/\/www.rehlax.at\/index.php?rest_route=\/wp\/v2\/pages\/44","targetHints":{"allow":["GET"]}}],"collection":[{"href":"https:\/\/www.rehlax.at\/index.php?rest_route=\/wp\/v2\/pages"}],"about":[{"href":"https:\/\/www.rehlax.at\/index.php?rest_route=\/wp\/v2\/types\/page"}],"author":[{"embeddable":true,"href":"https:\/\/www.rehlax.at\/index.php?rest_route=\/wp\/v2\/users\/1"}],"replies":[{"embeddable":true,"href":"https:\/\/www.rehlax.at\/index.php?rest_route=%2Fwp%2Fv2%2Fcomments&post=44"}],"version-history":[{"count":15,"href":"https:\/\/www.rehlax.at\/index.php?rest_route=\/wp\/v2\/pages\/44\/revisions"}],"predecessor-version":[{"id":585,"href":"https:\/\/www.rehlax.at\/index.php?rest_route=\/wp\/v2\/pages\/44\/revisions\/585"}],"wp:attachment":[{"href":"https:\/\/www.rehlax.at\/index.php?rest_route=%2Fwp%2Fv2%2Fmedia&parent=44"}],"curies":[{"name":"wp","href":"https:\/\/api.w.org\/{rel}","templated":true}]}}