{"id":281,"date":"2020-01-28T12:43:48","date_gmt":"2020-01-28T12:43:48","guid":{"rendered":"https:\/\/www.rehlax.at\/?page_id=281"},"modified":"2021-09-03T18:35:44","modified_gmt":"2021-09-03T18:35:44","slug":"steinheilkunde","status":"publish","type":"page","link":"https:\/\/www.rehlax.at\/?page_id=281","title":{"rendered":"Steinheilkunde"},"content":{"rendered":"\n<h2 class=\"wp-block-heading\"><strong>Steinheilkunde<\/strong> &#8211; Humanenergetische Anwendung<\/h2>\n\n\n\n<p class=\"has-medium-font-size\"><strong>Wie wirken Edelsteine <\/strong><\/p>\n\n\n\n<p>Die Steinheilkunde\nbesagt, dass von jedem Objekt in der Welt Energie ausgeht. Energie ist eine\nAbfolge von elektromagnetischen Wellen. Als Licht kann man es sehen und als\nRadiofrequenz h\u00f6ren. Bereiche, die f\u00fcr den Menschen nicht bewusst wahrnehmbar\nsind, kann man trotzdem nachweisen. Jeder Mensch, Pflanze, Tier und eben auch\njeder Stein gibt elektromagnetische Strahlung ab welche messbar ist. <\/p>\n\n\n\n<p>Steine nehmen die\nSchwingung von Licht und W\u00e4rme (kosmische Strahlung) auf, ver\u00e4ndern sie durch\nihre jeweilige Spezielle Struktur und geben sie dann wieder an das Umfeld ab.\nDiese spezifischen Informationen wirken auch auf den Menschen ein. Wie oben\nbereits erw\u00e4hnt geht von jedem Lebewesen und Objekt elektromagnetische Strahlung\naus, also schwingt auch der Mensch auf einer bestimmten Frequenz und ist\ndeshalb von anderen Frequenzen beeinflussbar. Die Wirkungsbandbreite erstreckt\nsich hier vom grobstofflichen Bereich (K\u00f6rper) bis zum feinstofflichen Bereich\n(Mental, emotional)<\/p>\n\n\n\n<p>Trifft eine Schwingungsfrequenz auf eine andere kann es passieren, dass sie gemeinsam zu schwingen beginnen, also in Resonanz gehen. Dies setzt Heilungsprozesse im K\u00f6rper in Gang. F\u00fchrt eine Edelsteinschwingung beim Menschen zu einer positiven Ver\u00e4nderung auf psychischer oder physischer Ebene, spricht man von einer Heilwirkung, die vom jeweiligen Edelstein ausgeht. Hieraus l\u00e4sst sich auch erkennen warum Heilsteine bei einem Menschen Wirkung zeigen und beim anderen nicht. Passen die Schwingungsfrequenzen von Menschen und Edelstein nicht zusammen gehen sie nicht in Resonanz und die erhoffte heilsamen Wirkung bleibt aus. Au\u00dferdem verf\u00fcgt nicht jeder Stein \u00fcber eine heilende Wirkung, der Stein muss bestimmte Merkmale vorweisen k\u00f6nnen. Dazu z\u00e4hlen die Mineralklasse, die Kristallstruktur, die Entstehung und die Farbe eines Edelsteins. Jeder Stein ist aufgrund seiner Geschichte und Zusammensetzung einzigartig. Aufgrund des Analogiedenkens bzw. nach dem Gesetz der Resonanz kann man von der Farbe und \u00e4u\u00dferen Form eines Steines auf seinen heilenden Einsatz schlie\u00dfen. Beispielsweise werden Blutkrankheiten mit roten Steinen behandelt oder wenn ein Stein an die Form eines Auges erinnert wird er bei Augenleiden eingesetzt. <\/p>\n\n\n\n<p>Je sensitiver ein Mensch ist desto st\u00e4rker wird er die Wirkung der Edelsteine sp\u00fcren. <\/p>\n\n\n\n<p class=\"has-medium-font-size\"><strong>Die verschiedenen\nRichtungen der Steinheilkunde<\/strong><\/p>\n\n\n\n<p>Obwohl der Mensch\nimmer in seiner Ganzheit zu betrachten ist, unterteile ich ihn in der Steinheilkunde\nin verschiedene Ebenen, um gezielter agieren zu k\u00f6nnen.&nbsp; Deshalb ist es auch notwendig die\nSteinheilkunde in verschieden Ebenen zu unterteilen. <\/p>\n\n\n\n<p>Wenn sie zu mir in\ndie Praxis kommen wird in einem Gespr\u00e4ch erhoben welche Themen in ihrem Leben\nanstehen und auf welchen Ebenen gearbeitet werden soll. <\/p>\n\n\n\n<p>In der <strong>Analytischen Steinheilkunde <\/strong>geht es vermehrt ums sp\u00fcren\nauf physischer Ebene. Steine und Rezepturen f\u00fcr Wohlbefinden und Gesundheit. Es\ngeht also haupts\u00e4chlich um K\u00f6rperthemen. Auf Grundlage der kristallinen\nStrukturen, Formen und Farben der Steine wird eine Auswahl getroffen, welche\ndas Wohlbefinden steigern kann. <\/p>\n\n\n\n<p>Die <strong>systemische Steinheilkunde <\/strong>zielt auf unser unbewusstes\nWissen ab. Es geht ums erkennen von geistigen Themen. Dabei werden die\nHeilsteine als Eintrittshilfen verwendet. Mit Hilfe von Edelsteinen und\nspeziellen Kartendecks k\u00f6nnen Energiezust\u00e4nde, Chakren Beschaffenheit, Wohnort\noder Beziehungsaufstellungen durchgef\u00fchrt werden. Die Systemische\nSteinheilkunde erm\u00f6glicht es uns auf hilfreiche Wochen oder Monatsenergien zu\nerfragen.<\/p>\n\n\n\n<p>Um die Intuition\ngeht es in der <strong>intuitiven\nSteinheilkunde. <\/strong>Das\nF\u00fchlen \u00fcber den Stein ist hier das Thema. Mittels Mandala Legungen k\u00f6nnen\nfrische Wunden im Gef\u00fchls- und Beziehungsbereich Heilung finden. Orakel\u00fcbungen\nerm\u00f6glichen uns das im Moment aktivste Thema herauszufinden und \u00fcber das\nErkenne in die Heilung zu bringen. <\/p>\n\n\n\n<p>Weiters haben wir\nhier die M\u00f6glichkeit mittels der Medizinrad Meditation uns selbst und unsere\nAufgaben besser zu verstehen und anzunehmen. <\/p>\n\n\n\n<p>Die <strong>spirituelle Steinheilkunde <\/strong>hilft uns durch Kraftgegenst\u00e4nde, welche aus Edelsteinen und Naturmaterialen individuell f\u00fcr den Betreffenden gefertigt werden in unserer Meditativen Praxis sowie im Alltag. Kraftgegenst\u00e4nde unterst\u00fctzen uns in unsere eigene Kraft zu kommen uns zu Zentrieren und verbindet uns mit unseren Spirits. <\/p>\n\n\n\n<p><strong>Bitte beachten Sie:<\/strong> <em>Bei den Behandlungen wird nicht beabsichtigt, irgendeine Krankheit oder irgendein Symptom zu diagnostizieren. Es werden keine Heilversprechen gegeben. Die Behandlungen ersetzen keinen Arztbesuch und sind keinerlei Ersatz f\u00fcr psychologische oder physiotherapeutische Behandlungen oder Untersuchungen.<\/em><\/p>\n","protected":false},"excerpt":{"rendered":"<p>Steinheilkunde &#8211; Humanenergetische Anwendung Wie wirken Edelsteine Die Steinheilkunde besagt, dass von jedem Objekt in der Welt Energie ausgeht. Energie ist eine Abfolge von elektromagnetischen Wellen. Als Licht kann man es sehen und als Radiofrequenz h\u00f6ren. Bereiche, die f\u00fcr den<\/p>\n","protected":false},"author":1,"featured_media":282,"parent":0,"menu_order":2,"comment_status":"closed","ping_status":"closed","template":"","meta":{"footnotes":""},"class_list":["post-281","page","type-page","status-publish","has-post-thumbnail","hentry"],"_links":{"self":[{"href":"https:\/\/www.rehlax.at\/index.php?rest_route=\/wp\/v2\/pages\/281","targetHints":{"allow":["GET"]}}],"collection":[{"href":"https:\/\/www.rehlax.at\/index.php?rest_route=\/wp\/v2\/pages"}],"about":[{"href":"https:\/\/www.rehlax.at\/index.php?rest_route=\/wp\/v2\/types\/page"}],"author":[{"embeddable":true,"href":"https:\/\/www.rehlax.at\/index.php?rest_route=\/wp\/v2\/users\/1"}],"replies":[{"embeddable":true,"href":"https:\/\/www.rehlax.at\/index.php?rest_route=%2Fwp%2Fv2%2Fcomments&post=281"}],"version-history":[{"count":8,"href":"https:\/\/www.rehlax.at\/index.php?rest_route=\/wp\/v2\/pages\/281\/revisions"}],"predecessor-version":[{"id":519,"href":"https:\/\/www.rehlax.at\/index.php?rest_route=\/wp\/v2\/pages\/281\/revisions\/519"}],"wp:featuredmedia":[{"embeddable":true,"href":"https:\/\/www.rehlax.at\/index.php?rest_route=\/wp\/v2\/media\/282"}],"wp:attachment":[{"href":"https:\/\/www.rehlax.at\/index.php?rest_route=%2Fwp%2Fv2%2Fmedia&parent=281"}],"curies":[{"name":"wp","href":"https:\/\/api.w.org\/{rel}","templated":true}]}}