{"id":266,"date":"2020-01-27T21:56:15","date_gmt":"2020-01-27T21:56:15","guid":{"rendered":"https:\/\/www.rehlax.at\/?page_id=266"},"modified":"2021-09-03T18:38:23","modified_gmt":"2021-09-03T18:38:23","slug":"heilstroemen","status":"publish","type":"page","link":"https:\/\/www.rehlax.at\/?page_id=266","title":{"rendered":"Heilstr\u00f6men"},"content":{"rendered":"\n<p class=\"has-black-color has-text-color has-medium-font-size\"><strong>Heilstr\u00f6men &#8211; Humanenergetische Anwendung<\/strong><\/p>\n\n\n\n<p><\/p>\n\n\n\n<p>Am K\u00f6rper verteilt befinden sich 26 Energietore von denen sich einige auf  Chakren und Meridianen befinden.<\/p>\n\n\n\n<p>Durch das Auflegen der Fingerkuppen auf diese Tore werden die Selbstheilungskr\u00e4fte des K\u00f6rpers aktiviert. Der K\u00f6rper richtet sich <\/p>\n\n\n\n<p>auf\nseine \u201eBaustellen\u201c aus und f\u00e4ngt an diese auszuheilen. Energiestaus k\u00f6nnen so\naufgel\u00f6st werden. So kann sich ein ganz neues Wohlbefinden auf geistiger,\nk\u00f6rperlicher und emotionaler Ebene einstellen. Warum steigert das Heilstr\u00f6men\ndas Wohlbefinden?<\/p>\n\n\n\n<p>Den Energiehaushalt im K\u00f6rper kann man mit einem Fluss vergleichen. Wird ein Fluss durch einen Staudamm blockiert staut sich das Wasser zur\u00fcck, im K\u00f6rper w\u00fcrde das ein Zuviel an Energie bedeuten. Die Region, welche auf den Staudamm folgt, wird aber unterversorgt. Bei einer Energieblockade im K\u00f6rper verh\u00e4lt es sich \u00e4hnlich. Bei einer Energieblockade wird ein Bereich im K\u00f6rper minderversorgt und so k\u00f6nnen Beschwerden auftreten. \u00dcber die&nbsp; 26 Energietore k\u00f6nnen diese ausgeglichen werden und so die Energien wieder optimal flie\u00dfen. Da wir \u00fcber unsere Fingerkuppen sowie \u00fcber unsere Zehen Energie, abgeben wirkt das Auflegen der H\u00e4nde wie ein Ansto\u00df um Energien wieder ins Flie\u00dfen zu bringen. <\/p>\n\n\n\n<p>Ich kombiniere das japanische Heilstr\u00f6men gerne mit anderen Anwendungen wie Reiki und Atlas Wirbels\u00e4ulenstabilisierung. Da das Heilstr\u00f6men f\u00fcr sich allein schon sehr wirkungsvoll sein kann biete ich aber auch reine Heilstr\u00f6m &#8211; Anwendungen an, die wie folgt gestaltet werden. <\/p>\n\n\n\n<p><strong>Die Anwendung<\/strong><\/p>\n\n\n\n<p>In einem Erstgespr\u00e4ch wird der momentane Ist Zustand des Klienten erhoben. Im angezogenen Zustand werden im Sitzen die entsprechenden Energietore gestr\u00f6mt und so ausgeglichen. Da ein regelm\u00e4\u00dfiges Str\u00f6men wichtig ist&nbsp; um auf Dauer Wohlbefinden zur\u00fcck zu erlangen werden im Zuge der Behandlung Informationen zum Str\u00f6men f\u00fcr zu Hause weitergegeben. &nbsp;Den je l\u00e4nger und \u00f6fter <\/p>\n\n\n\n<p>man\nstr\u00f6mt desto kraftvoller wird der Energiestrom der uns beim Gesundwerden bzw. \u2013\nbleiben unterst\u00fctzen kann.&nbsp; 20 Minuten\nsollte man mindestens auf den entsprechenden Energietor verweilen. Beim Finger\nstr\u00f6men sollte jeder Finger f\u00fcr 2 Minuten umfasst werden.<\/p>\n\n\n\n<p>Da das japanische Heilstr\u00f6men auf K\u00f6rper, Geist und Seele einwirkt, beobachtet man auch h\u00f6here Belastbarkeit, gesteigert Lebensfreude, allgemeines Wohlbefinden und Ausdauer.<\/p>\n\n\n\n<p><strong>Wichtig:<\/strong> Da der K\u00f6rper durch das str\u00f6men vermehrt entgiftet auf ausreichende Trinkmenge achten<\/p>\n\n\n\n<p><strong>Wie str\u00f6me ich: <\/strong><\/p>\n\n\n\n<ul class=\"wp-block-list\"><li>Mit den Fingerspitzen<\/li><li>Dauer mindestens 20min (optimal)<\/li><li>Durch das auflegen der Finger nimmt der K\u00f6rper seine \u201eBaustellen\u201c war. <\/li><\/ul>\n\n\n\n<p>Energie folgt Aufmerksamkeit<\/p>\n\n\n\n<ul class=\"wp-block-list\"><li>Tore k\u00f6nnen beliebig kombiniert werden <\/li><li>Entspannung<\/li><\/ul>\n\n\n\n<p><strong>Erstreaktionen:<\/strong><\/p>\n\n\n\n<ul class=\"wp-block-list\"><li>Muskelkater<\/li><li>M\u00fcdigkeit<\/li><li>Energieschub<\/li><li>Benommenheit<\/li><li>Emotionen <\/li><\/ul>\n\n\n\n<p><strong>Heilstr\u00f6men\nund die Intuition<\/strong><\/p>\n\n\n\n<p>Wie wirkungsvoll unsere Energietore sein k\u00f6nnen, sehen wir indem wir uns selbst beobachten. Obwohl wir oft kein konkretes Wissen um die Wirkung der Tore haben, str\u00f6men wir sie doch intuitiv.<\/p>\n\n\n\n<p><strong>Beispiele<\/strong><\/p>\n\n\n\n<p>Bei Belastungen greifen wir uns an die Schulter und str\u00f6men  das Energietor Nummer Drei. <\/p>\n\n\n\n<p>Kleine\nKinder nuckeln am Daumen um sich zu Beruhigen.<\/p>\n\n\n\n<p>Schwangere\nstemmen sich gerne die H\u00e4nde in die H\u00fcfte um sich unbewusst von R\u00fcckenschmerzen\nzu befreien <\/p>\n\n\n\n<p><strong>Bitte beachten Sie:<\/strong><em> Bei den Behandlungen wird nicht beabsichtigt, irgendeine Krankheit oder irgendein Symptom zu diagnostizieren. Es werden keine Heilversprechen gegeben. Die Behandlungen ersetzen keinen Arztbesuch und sind keinerlei Ersatz f\u00fcr psychologische oder physiotherapeutische Behandlungen oder Untersuchungen.<\/em><\/p>\n","protected":false},"excerpt":{"rendered":"<p>Heilstr\u00f6men &#8211; Humanenergetische Anwendung Am K\u00f6rper verteilt befinden sich 26 Energietore von denen sich einige auf Chakren und Meridianen befinden. Durch das Auflegen der Fingerkuppen auf diese Tore werden die Selbstheilungskr\u00e4fte des K\u00f6rpers aktiviert. Der K\u00f6rper richtet sich auf seine<\/p>\n","protected":false},"author":1,"featured_media":0,"parent":0,"menu_order":2,"comment_status":"closed","ping_status":"closed","template":"","meta":{"footnotes":""},"class_list":["post-266","page","type-page","status-publish","hentry"],"_links":{"self":[{"href":"https:\/\/www.rehlax.at\/index.php?rest_route=\/wp\/v2\/pages\/266","targetHints":{"allow":["GET"]}}],"collection":[{"href":"https:\/\/www.rehlax.at\/index.php?rest_route=\/wp\/v2\/pages"}],"about":[{"href":"https:\/\/www.rehlax.at\/index.php?rest_route=\/wp\/v2\/types\/page"}],"author":[{"embeddable":true,"href":"https:\/\/www.rehlax.at\/index.php?rest_route=\/wp\/v2\/users\/1"}],"replies":[{"embeddable":true,"href":"https:\/\/www.rehlax.at\/index.php?rest_route=%2Fwp%2Fv2%2Fcomments&post=266"}],"version-history":[{"count":7,"href":"https:\/\/www.rehlax.at\/index.php?rest_route=\/wp\/v2\/pages\/266\/revisions"}],"predecessor-version":[{"id":522,"href":"https:\/\/www.rehlax.at\/index.php?rest_route=\/wp\/v2\/pages\/266\/revisions\/522"}],"wp:attachment":[{"href":"https:\/\/www.rehlax.at\/index.php?rest_route=%2Fwp%2Fv2%2Fmedia&parent=266"}],"curies":[{"name":"wp","href":"https:\/\/api.w.org\/{rel}","templated":true}]}}