{"id":248,"date":"2020-01-27T21:26:52","date_gmt":"2020-01-27T21:26:52","guid":{"rendered":"https:\/\/www.rehlax.at\/?page_id=248"},"modified":"2021-09-03T18:33:55","modified_gmt":"2021-09-03T18:33:55","slug":"reiki","status":"publish","type":"page","link":"https:\/\/www.rehlax.at\/?page_id=248","title":{"rendered":"Reiki &#8211; Humanenergetische Anwendung"},"content":{"rendered":"\n<p><strong>Reiki<\/strong> ist eine im 19 Jahrhundert wieder entdeckte Heilkunst. Reiki ist ein japanisches Wort das universelle Lebensenergie bedeutet. Die Reiki Energie ist bestrebt K\u00f6rper, Geist und Seele in Einklang zu bringen. Sie ist eine nat\u00fcrliche Heilungsenergie und wird \u00fcber die H\u00e4nde \u00fcbertragen. <\/p>\n\n\n\n<p>Grunds\u00e4tzlich werden wir in die universelle Lebens-Energie frei von Blockaden geboren. Durch destruktives Denken, ungesunde Ern\u00e4hrung, Stress, fehlender Kontakt zur Natur und beruflich bedingte einseitige Belastungen kommt es jedoch in K\u00f6rper, Geist und Seele zu einem Ungleichgewicht. Durch das Handauflegen wird der Organismus und die Psyche wieder in Gleichgewicht gebracht. Chakren welche \u00fcber- oder untersteuern k\u00f6nnen harmonisieren sich wieder. Dabei geht Reiki durch jedes Material wie Verb\u00e4nde, Kleidung, Gips und Metall. <\/p>\n\n\n\n<p>Bei der\nReiki Behandlung gebe ich die universale Lebensenergie nur weiter, meine\npers\u00f6nliche Kraft wird nicht entzogen. Reiki ist an keine Glaubensrichtung\ngebunden und ist keine Heilmethode im eigentlichen Sinn. Vielmehr ist es eine\nMethode zur Entwicklung der Pers\u00f6nlichkeit auf allen Ebenen. H\u00e4ufig kommt es\nvor das sich k\u00f6rperliche Symptome aufl\u00f6sen, weil der betreffende Mensch aus\nseinen alten Strukturen herausw\u00e4chst. Spirituelles Wachstum, Transformation und\nKr\u00e4ftigung von K\u00f6rper und Geist werden beg\u00fcnstigt. <\/p>\n\n\n\n<p>Durch die bei der Behandlung erweckten Selbstheilungskr\u00e4fte kann der Mensch auf allen Ebenen heil werden. Seelische Ausgeglichenheit und die k\u00f6rperliche Gesundheit wird gef\u00f6rdert. Blockaden werden gel\u00f6st und Schlacken k\u00f6nnen abtransportiert werden. <\/p>\n\n\n\n<p><strong>Reiki hat sich bew\u00e4hrt:<\/strong><\/p>\n\n\n\n<ul class=\"wp-block-list\"><li>Sie f\u00fchrt zur Tiefenentspannung \u2013 l\u00f6st Blockaden<\/li><li>Bei Konzentrationsschwierigkeiten <\/li><li>Bei Nervosit\u00e4t und Angstzust\u00e4nden<\/li><li>Entgiftet &amp; Entschlackung von K\u00f6rper &amp; Geist<\/li><li>kann das Immunsystem st\u00e4rken<\/li><li>bei Burn Out \/ Depressionen \/ psychischen Verspannungen<\/li><li>F\u00fchrt Lebensenergie ( Vitalkraft) zu &#8211; erh\u00f6ht die Lebensfreude<\/li><li>hilft Wohlbefinden in der Schwangerschaft zu erlangen<\/li><li>Aktivierung und F\u00f6rderung der Selbstheilungskr\u00e4fte&nbsp;&nbsp;&nbsp;<\/li><li>Aufl\u00f6sung von Energie- &amp; Gef\u00fchlsblockaden&nbsp;&nbsp;&nbsp;&nbsp;&nbsp;<\/li><li>Hebt die Schwingungsfrequenz des K\u00f6rpers durch Energiezufuhr <\/li><li>Beg\u00fcnstigt die Erh\u00f6hung der Lern- &amp; Leistungsf\u00e4higkeit sowie Konzentration<\/li><li>Anregung des Stoffwechsels<\/li><li>Ein Gef\u00fchl neuer Lebendigkeit und Sicherheit kann entstehen<\/li><li>Energiesteigerung &#8211; kann Kraft, Ausdauer, Vitalit\u00e4t &amp; Freude st\u00e4rken<\/li><li>f\u00f6rdert Stressabbau, Entspannung &amp; gesunden Schlaf<\/li><li>Mentalbehandlung \u2013unbewusste Blockierungen werden gel\u00f6st. <\/li><li>Unterst\u00fctzung beim Erkennen und Loslassen negativer Denkstrukturen<\/li><li>F\u00f6rdert Selbsterkenntnis, inneres Wachstum &amp; Ausgeglichenheit<\/li><li>F\u00f6rdert Selbstliebe, Selbstverantwortung, Selbstfindung, Selbstvertrauen<\/li><li>kann&nbsp;Schmerzen lindern&nbsp; <\/li><li>bei Stimmungsschwankungen<\/li><li>bei Verstauchungen, Zerrungen, Prellungen<\/li><li>auch bei Tieren &amp; Pflanzen <\/li><li>auch als erg\u00e4nzende Therapie geeignet<\/li><\/ul>\n\n\n\n<p><strong>Fernreiki<\/strong><\/p>\n\n\n\n<p>bedeutet, dass ein Mensch physisch nicht pr\u00e4sent sein muss, um diesen zu behandeln. Reiki-Fernbehandlungen sind \u00fcber gro\u00dfe physikalische Distanzen aber auch jenseits der Zeitbarriere m\u00f6glich, da bei dieser Methode die Reiki-Energie in gleicher bzw. st\u00e4rkerer Qualit\u00e4t flie\u00dft. <\/p>\n\n\n\n<p><strong>Die Behandlung<\/strong><\/p>\n\n\n\n<p>Eine Reiki-Behandlung dauert in der Regel zwischen 45 und 75 Minuten. Begonnen wird beim ersten Mal mit einem ausf\u00fchrlichen Vorgespr\u00e4ch. Anschlie\u00dfend legt der Reiki-Empf\u00e4nger sich bekleidet auf eine Massageliege oder setzt sich auf einen Stuhl. Zun\u00e4chst wird die Aura ausgestrichen, dann werden vom Kopf abw\u00e4rts die wichtigsten Organe, Meridiane und Chakren Schritt f\u00fcr Schritt in Harmonie gebracht. <\/p>\n\n\n\n<p><strong>Nebenwirkungen<\/strong><\/p>\n\n\n\n<p>Es sind keine Nebenwirkungen bekannt. Reiki kann auch problemlos mit einer schulmedizinischen Behandlung oder anderen komplement\u00e4rmedizinischen Methoden kombiniert werden.<\/p>\n\n\n\n<p><strong>Bitte beachten Sie:<\/strong><\/p>\n\n\n\n<p><em>Bei den Behandlungen wird nicht beabsichtigt, irgendeine Krankheit oder irgendein Symptom zu diagnostizieren. Es werden keine Heilversprechen gegeben. Die Behandlungen ersetzen keinen Arztbesuch und sind keinerlei Ersatz f\u00fcr psychologische oder physiotherapeutische Behandlungen oder Untersuchungen.&nbsp;<\/em><\/p>\n","protected":false},"excerpt":{"rendered":"<p>Reiki ist eine im 19 Jahrhundert wieder entdeckte Heilkunst. Reiki ist ein japanisches Wort das universelle Lebensenergie bedeutet. Die Reiki Energie ist bestrebt K\u00f6rper, Geist und Seele in Einklang zu bringen. Sie ist eine nat\u00fcrliche Heilungsenergie und wird \u00fcber die<\/p>\n","protected":false},"author":1,"featured_media":0,"parent":0,"menu_order":1,"comment_status":"closed","ping_status":"closed","template":"","meta":{"footnotes":""},"class_list":["post-248","page","type-page","status-publish","hentry"],"_links":{"self":[{"href":"https:\/\/www.rehlax.at\/index.php?rest_route=\/wp\/v2\/pages\/248","targetHints":{"allow":["GET"]}}],"collection":[{"href":"https:\/\/www.rehlax.at\/index.php?rest_route=\/wp\/v2\/pages"}],"about":[{"href":"https:\/\/www.rehlax.at\/index.php?rest_route=\/wp\/v2\/types\/page"}],"author":[{"embeddable":true,"href":"https:\/\/www.rehlax.at\/index.php?rest_route=\/wp\/v2\/users\/1"}],"replies":[{"embeddable":true,"href":"https:\/\/www.rehlax.at\/index.php?rest_route=%2Fwp%2Fv2%2Fcomments&post=248"}],"version-history":[{"count":9,"href":"https:\/\/www.rehlax.at\/index.php?rest_route=\/wp\/v2\/pages\/248\/revisions"}],"predecessor-version":[{"id":515,"href":"https:\/\/www.rehlax.at\/index.php?rest_route=\/wp\/v2\/pages\/248\/revisions\/515"}],"wp:attachment":[{"href":"https:\/\/www.rehlax.at\/index.php?rest_route=%2Fwp%2Fv2%2Fmedia&parent=248"}],"curies":[{"name":"wp","href":"https:\/\/api.w.org\/{rel}","templated":true}]}}