{"id":224,"date":"2020-01-16T08:40:50","date_gmt":"2020-01-16T08:40:50","guid":{"rendered":"https:\/\/www.rehlax.at\/?page_id=224"},"modified":"2021-09-03T19:38:27","modified_gmt":"2021-09-03T19:38:27","slug":"atlas-wirbelsaeulenstabilisierung","status":"publish","type":"page","link":"https:\/\/www.rehlax.at\/?page_id=224","title":{"rendered":"Atlas Wirbels\u00e4ulenstabilisierung"},"content":{"rendered":"\n<h2 class=\"wp-block-heading\"><strong>Atlas Wirbels\u00e4ulenstabilisierung<\/strong> &#8211; Humanenergetische Methode<\/h2>\n\n\n\n<p>Der Atlas spielt als unser erster Halswirbel eine entscheidende Rolle um Gesundheit zu erhalten und unser Wohlbefinden zu f\u00f6rdern. Er ist der Tr\u00e4ger unseres Kopfes und stellt das Bindeglied zwischen Kopf und K\u00f6rper da. Verschiebt sich der Atlas auf Grund  verschiedenster Faktoren wirkt sich dies auf das K\u00f6rperwohlbefinden aus, aber auch im seelisch\/psychischen Bereich kann es zu Disharmonien kommen.<\/p>\n\n\n\n<div class=\"wp-block-image\"><figure class=\"aligncenter is-resized\"><img loading=\"lazy\" decoding=\"async\" src=\"https:\/\/www.rehlax.at\/wp-content\/uploads\/2020\/01\/Atlas-Wirbels\u00e4ulenstabilisierung-300x143.jpg\" alt=\"\" class=\"wp-image-308\" width=\"300\" height=\"143\" srcset=\"https:\/\/www.rehlax.at\/wp-content\/uploads\/2020\/01\/Atlas-Wirbels\u00e4ulenstabilisierung-300x143.jpg 300w, https:\/\/www.rehlax.at\/wp-content\/uploads\/2020\/01\/Atlas-Wirbels\u00e4ulenstabilisierung-768x365.jpg 768w, https:\/\/www.rehlax.at\/wp-content\/uploads\/2020\/01\/Atlas-Wirbels\u00e4ulenstabilisierung.jpg 868w\" sizes=\"auto, (max-width: 300px) 100vw, 300px\" \/><\/figure><\/div>\n\n\n\n<p>Faktoren die den Atlas verschieben und somit die K\u00f6rperfunktionen und den Energiehaushalt aus dem Gleichgewicht bringen k\u00f6nnen:<\/p>\n\n\n\n<ul class=\"wp-block-list\"><li>bei der Geburt<\/li><li>bei St\u00fcrzen \/ Unf\u00e4llen<\/li><li>Stress\/ Krankheit\/ Schockzust\u00e4nden <\/li><li>starke Schmerzen<\/li><li>chronische Erkrankungen<\/li><li>Zahnarztbesuche\/ Friseurbesuche<\/li><li>Vollnarkose<\/li><\/ul>\n\n\n\n<h3 class=\"wp-block-heading\"><\/h3>\n\n\n\n<h3 class=\"wp-block-heading\">K\u00f6rperliche Ebene<\/h3>\n\n\n\n<p>Unser K\u00f6rperfunktionen beinflussen sich gegenseitig und greifen ineinander.  Ein aus dem Lot geratener Atlas kann sich somit auf den gesamten K\u00f6rper auswirken und sich auf  das Wohlbefinden des K\u00f6rpers negativ auswirken .  M\u00fcdigkeit, herabgesetze Leistungsf\u00e4higkeit, Verspannungen oder \u00dcberstreckungen sowie der Schulter &#8211; Beckenschiefstand sind nur einige Symptome eines aus dem Lot geratenen  Atlas. <br>Er bildet das Bindglied zwischen Kopf und K\u00f6rper. Viele wichtige Energiebahnen f\u00fchren durch in hindurchf\u00fchren, deshalb kann einen dezentrierten Atlas  den Informationsfluss st\u00f6ren und die Selbstheilungskr\u00e4fte des K\u00f6rpers in ihrer Wirkung einschr\u00e4nken. Das Gehirn kann nicht mehr richtig versorgt werden und kann somit seine Aufgaben nicht mehr optimal erf\u00fcllen. Zwischen Gehirn und K\u00f6rper findet ein permanenter Austausch statt. <\/p>\n\n\n\n<p>\u00dcber Schmerz und Botenstoffe teilt der K\u00f6rper dem Gehirn mit wo es einer Regulierung bedarf. Ist das Gehirn unterversorgt bekommt es nicht mehr alles mit was im K\u00f6rper vor sich geht und kann den K\u00f6rper nicht optimal versorgen bzw. steuern. <\/p>\n\n\n\n<p><\/p>\n\n\n\n<p><\/p>\n\n\n\n<h3 class=\"wp-block-heading\">Seelisch\/\nPsychische Ebene<\/h3>\n\n\n\n<p>Ein aus dem Lot geratener Atlas kann auf das R\u00fcckenmark und Gef\u00e4\u00dfe  Druck aus\u00fcben und Blockaden im Energiesystem verursachen. Bewusst nehmen wir das nicht wahr, aber unbewusst erzeugt dies Stress im K\u00f6rper. Stress verursacht im K\u00f6rper eine zu hohe Produktion von Stresshormonen, dies kann sich negativ auf den K\u00f6rper und auf den Geist auswirken. Es kann zu Unruhe, Konzentrationsst\u00f6rungen, Schlaflosigkeit und Reizbarkeit kommen.  Ein zentrierter Atlas baut Druck im Nacken ab. Jeder kennt das Sprichwort \u201eDie Angst sitzt mir im Nacken\u201c. <\/p>\n\n\n\n<p>Die Atlas Wirbels\u00e4ulenstabilisierung ist eine ganzheitlich, alternative, sanfte und schmerzfreie Heilmethode. Sie kann zentrierend wirken, dadurch nimmt man sich selbst und seine Bed\u00fcrfnisse wieder besser wahr.<\/p>\n\n\n\n<p> <\/p>\n\n\n\n<h3 class=\"wp-block-heading\">Die Anwendung<\/h3>\n\n\n\n<p>Durch leichte Ber\u00fchrungen und rhythmische Energie\u00fcbertragung an den Querforts\u00e4tze des Atlas k\u00f6nnen Blockaden gel\u00f6st werden. Der Atlas  f\u00e4ngt  leicht  zu schwingen an und hat so die M\u00f6glichkeit sich optimal zu regulieren .  Weiters wird der Schwingungsimpuls , im angezogenen Zustand, entlang der Wirbels\u00e4ule bis zum H\u00fcftknochen hinab abgegeben und so die Wirbels\u00e4ule in Schwingung versetzt. Durch die Energiezufuhr k\u00f6nnen Energieblockaden gel\u00f6st werden.  Der K\u00f6rper kommt wieder ins Lot.  Das dynamische Zusammenspiel  zwischen  K\u00f6rper, Geist und Seele wird wieder ins Gleichgewicht gebracht, dies bewirkt dass man achtsamer mit sich und seiner Leistungsf\u00e4higkeit umgeht und so seine eigenen Grenzen wahrt.  Ziel ist es durch  Herstellung eines inneren und \u00e4u\u00dfern Gleichgewichts die Selbstheilungskr\u00e4fte und die Eigenregulation des K\u00f6rpers zu aktivieren. Dadurch kann das Wohlbefinden gesteigert werden,  aus dem Lot geratene Lebensbereiche und Energiezust\u00e4nde k\u00f6nnen sich regulieren. <\/p>\n\n\n\n<p><\/p>\n\n\n\n<p><\/p>\n\n\n\n<h3 class=\"wp-block-heading\">Ablauf<\/h3>\n\n\n\n<p>Im Vorfeld wird im Erstgespr\u00e4ch der Ist-Zustand des Klienten erhoben, eventuelle Kontraindikationen besprochen und der Ablauf erkl\u00e4rt. <\/p>\n\n\n\n<p>Danach wird auf einer speziellen Liege in Bauchlage die R\u00fcckenmuskulatur sanft gelockert,  angespannte Energiezust\u00e4nde lokalisiert und die Beinl\u00e4nge angeschaut. <\/p>\n\n\n\n<div class=\"wp-block-image\"><figure class=\"aligncenter is-resized\"><img loading=\"lazy\" decoding=\"async\" src=\"https:\/\/www.rehlax.at\/wp-content\/uploads\/2020\/02\/DSCN6900k-1024x965.jpg\" alt=\"\" class=\"wp-image-380\" width=\"381\" height=\"359\" srcset=\"https:\/\/www.rehlax.at\/wp-content\/uploads\/2020\/02\/DSCN6900k-1024x965.jpg 1024w, https:\/\/www.rehlax.at\/wp-content\/uploads\/2020\/02\/DSCN6900k-300x283.jpg 300w, https:\/\/www.rehlax.at\/wp-content\/uploads\/2020\/02\/DSCN6900k-768x724.jpg 768w\" sizes=\"auto, (max-width: 381px) 100vw, 381px\" \/><\/figure><\/div>\n\n\n\n<p>Im Sitzen wird dann entlang der Wirbels\u00e4ule frei von mechanischer Beeinflussung ein energetischer Impuls gesetzt. Dieser l\u00f6st gestaute Energie im Halswirbelbereich, welche leicht zu schwingen beginnt. Diese Schwingung \u00fcbertr\u00e4gt sich auch auf die restliche Wirbels\u00e4ule bis zum Kreuzbein und  ins Becken. Blockaden und Stauungen k\u00f6nnen so aufgel\u00f6st werden . <\/p>\n\n\n\n<p><\/p>\n\n\n\n<figure class=\"wp-block-gallery columns-2 is-cropped wp-block-gallery-1 is-layout-flex wp-block-gallery-is-layout-flex\"><ul class=\"blocks-gallery-grid\"><li class=\"blocks-gallery-item\"><figure><img loading=\"lazy\" decoding=\"async\" width=\"739\" height=\"1024\" src=\"https:\/\/www.rehlax.at\/wp-content\/uploads\/2020\/02\/DSCN6910-739x1024.jpg\" alt=\"\" data-id=\"381\" data-link=\"https:\/\/www.rehlax.at\/?attachment_id=381\" class=\"wp-image-381\" srcset=\"https:\/\/www.rehlax.at\/wp-content\/uploads\/2020\/02\/DSCN6910-739x1024.jpg 739w, https:\/\/www.rehlax.at\/wp-content\/uploads\/2020\/02\/DSCN6910-217x300.jpg 217w, https:\/\/www.rehlax.at\/wp-content\/uploads\/2020\/02\/DSCN6910-768x1064.jpg 768w\" sizes=\"auto, (max-width: 739px) 100vw, 739px\" \/><\/figure><\/li><li class=\"blocks-gallery-item\"><figure><img loading=\"lazy\" decoding=\"async\" width=\"872\" height=\"1024\" src=\"https:\/\/www.rehlax.at\/wp-content\/uploads\/2020\/02\/DSCN6914-1-872x1024.jpg\" alt=\"\" data-id=\"382\" data-link=\"https:\/\/www.rehlax.at\/?attachment_id=382\" class=\"wp-image-382\" srcset=\"https:\/\/www.rehlax.at\/wp-content\/uploads\/2020\/02\/DSCN6914-1-872x1024.jpg 872w, https:\/\/www.rehlax.at\/wp-content\/uploads\/2020\/02\/DSCN6914-1-255x300.jpg 255w, https:\/\/www.rehlax.at\/wp-content\/uploads\/2020\/02\/DSCN6914-1-768x902.jpg 768w\" sizes=\"auto, (max-width: 872px) 100vw, 872px\" \/><\/figure><\/li><\/ul><\/figure>\n\n\n\n<p>Nach  jeder Sitzung kommt eine Ruhephase von mindestens 20 Minuten. Da die Schwingung im K\u00f6rper noch vorhanden ist und der Atlas noch nachschwingt. <\/p>\n\n\n\n<div class=\"wp-block-image\"><figure class=\"aligncenter is-resized\"><img loading=\"lazy\" decoding=\"async\" src=\"https:\/\/www.rehlax.at\/wp-content\/uploads\/2020\/02\/DSCN6929-1024x499.jpg\" alt=\"\" class=\"wp-image-383\" width=\"483\" height=\"235\" srcset=\"https:\/\/www.rehlax.at\/wp-content\/uploads\/2020\/02\/DSCN6929-1024x499.jpg 1024w, https:\/\/www.rehlax.at\/wp-content\/uploads\/2020\/02\/DSCN6929-300x146.jpg 300w, https:\/\/www.rehlax.at\/wp-content\/uploads\/2020\/02\/DSCN6929-768x374.jpg 768w\" sizes=\"auto, (max-width: 483px) 100vw, 483px\" \/><\/figure><\/div>\n\n\n\n<p>Nach der Anwendung ist es wichtig ausreichend Wasser zu trinken um den K\u00f6rper in seiner Selbstheilung zu unterst\u00fctzen. Warum? Durch  die erfolgte Energiezufuhr und deren ausgleichende Qualit\u00e4t werden die Selbstheilungskr\u00e4fte und Regulierungsf\u00e4higkeit des K\u00f6rpers aktiviert. Dieser beginnt nun durch die zus\u00e4tzlichen Impulse den K\u00f6rper wieder ins Gleichgewicht zu bringen.  Dabei entstehen Schlacken welche abtransportiert werden sollen. Ebenso ist es Vorteilhaft ist Bewegung an der frischen Luft um den Sauerstoffhaushalt im K\u00f6rper zu optimieren und die Zellerneuerung zu unterst\u00fczten. Eine konstruktive Denkweise ist ebenfalls f\u00f6rderlich. <\/p>\n\n\n\n<h2 class=\"has-medium-font-size wp-block-heading\">F\u00fcr wem ist die Atlas Wirbels\u00e4ulenstabilisierung geeignet<\/h2>\n\n\n\n<p>Nicole Steflitsch Atlas &#8211; Wirbels\u00e4ulenstabilisierung  ist f\u00fcr Kinder und Erwachsene gleicherma\u00dfen geeignet. Die Behandlung erfolgt respektvoll, einf\u00fchlsam und schmerzlos.<\/p>\n\n\n\n<p><\/p>\n\n\n\n<p><\/p>\n\n\n\n<p><\/p>\n\n\n\n<p><\/p>\n\n\n\n<h2 class=\"has-medium-font-size wp-block-heading\">Das drei Ebenen Modell zur besseren nachvollziehbarkeit von humanenergetischen Anwendungen <\/h2>\n\n\n\n<p><\/p>\n\n\n\n<figure class=\"wp-block-image size-large\"><img loading=\"lazy\" decoding=\"async\" width=\"564\" height=\"1024\" src=\"https:\/\/www.rehlax.at\/wp-content\/uploads\/2021\/09\/he-3-ebenen-model-maerz14-ansicht-scaled-2-564x1024.jpg\" alt=\"\" class=\"wp-image-511\" srcset=\"https:\/\/www.rehlax.at\/wp-content\/uploads\/2021\/09\/he-3-ebenen-model-maerz14-ansicht-scaled-2-564x1024.jpg 564w, https:\/\/www.rehlax.at\/wp-content\/uploads\/2021\/09\/he-3-ebenen-model-maerz14-ansicht-scaled-2-165x300.jpg 165w, https:\/\/www.rehlax.at\/wp-content\/uploads\/2021\/09\/he-3-ebenen-model-maerz14-ansicht-scaled-2-768x1394.jpg 768w, https:\/\/www.rehlax.at\/wp-content\/uploads\/2021\/09\/he-3-ebenen-model-maerz14-ansicht-scaled-2-846x1536.jpg 846w, https:\/\/www.rehlax.at\/wp-content\/uploads\/2021\/09\/he-3-ebenen-model-maerz14-ansicht-scaled-2.jpg 1128w\" sizes=\"auto, (max-width: 564px) 100vw, 564px\" \/><figcaption>Das drei Ebene Modell (Quelle: Wko)<\/figcaption><\/figure>\n\n\n\n<p class=\"has-black-color has-text-color has-medium-font-size\"><strong>Das Drei Ebenen Modell<\/strong> <\/p>\n\n\n\n<p>Das von der \u201eBundesberufsgruppe der Humanenergetiker\u201c erarbeitete 3-Ebenen-Modell stellt den Arbeits- und Wirkungsbereich der Humanenergetik transparent und nachvollziehbar dar. Zum besseren Verst\u00e4ndnis finden Sie weiter unten die Erkl\u00e4rung der 3 Ebenen.<\/p>\n\n\n\n<p>Im energetischen Weltbild existiert jedes Lebewesen und jedes System nicht nur materiell (also k\u00f6rperlich) sondern auch im feinstofflichen (nicht-materiellen) Bereich.<\/p>\n\n\n\n<p>Ich als Humanenergetikerin arbeite Gro\u00dfteils auf der feinstofflichen Ebene.<\/p>\n\n\n\n<h4 class=\"has-medium-font-size wp-block-heading\">1. Ebene \u2013 Ebene der Prinzipien und Baupl\u00e4ne<\/h4>\n\n\n\n<p>Die erste Ebene des energetischen Weltbildes ist jene Ebene, auf der alle Prinzipien und Baupl\u00e4ne angesiedelt sind. Alles, was im Materiellen existiert, muss auf dieser Ebene als Prinzip und Bauplan angelegt sein. F\u00fcr den Menschen w\u00fcrde dies das \u201eIndividuelle H\u00f6here Selbst (IHS)\u201c darstellen: Dieses umfasst z.B. die individuellen Potentiale, F\u00e4higkeiten und Talente jedes einzelnen Menschen und bildet somit eine Grundlage der m\u00f6glichen Berufung bzw. des Berufs.<\/p>\n\n\n\n<h4 class=\"has-medium-font-size wp-block-heading\">2. Ebene \u2013 Energetische \/ Feinstoffliche Ebene<\/h4>\n\n\n\n<p>Die energetische oder feinstoffliche Ebene umfasst s\u00e4mtliche Energien und Informationen, die uns umgeben bzw. durchdringen. Dabei unterscheiden wir zwischen der Informationsebene und der verdichteten Informationsebene. Letztere beinhaltet die Ebene der Chakren, Meridiane, der Aura, des Qi usw. Und genau in diesen Bereichen kann ich als Humanenergetikerin mit meinen gewerblichen Methoden laut Methodenkatalog, Menschen dabei unterst\u00fctzen, Energieblockaden zu l\u00f6sen und sich wieder in Balance zu bringen. Meine Arbeitsmethoden zielen auf dieser Ebene beispielsweise nicht auf das materielle organische Herz, sondern auf das \u201efeinstoffliche Herz\u201c wie Herzchakra, Herzmeridian, Wandlungsphase Feuer, u.v.m. ab.<\/p>\n\n\n\n<ul class=\"wp-block-list\"><li>Mit verschiedenen Ger\u00e4ten k\u00f6nnen die Meridiane gemessen werden.<\/li><li>Ebenso eignet sich die Aura als Beispiel, denn diese kann seit 1930 mit der Kirlian-Fotografie sichtbar gemacht werden.<\/li><\/ul>\n\n\n\n<p>Nicht bewusst und doch sieht und sp\u00fcrt jeder die Aura. Denken Sie nur an die Ausstrahlung bestimmter Menschen.<\/p>\n\n\n\n<h4 class=\"has-medium-font-size wp-block-heading\">3. Ebene \u2013 Materielle Ebene<\/h4>\n\n\n\n<p>Die materielle Ebene ist die dichteste Form der Erscheinung von Lebewesen und entspricht unserer \u201eAlltagsrealit\u00e4t\u201c wie unser materieller K\u00f6rper. Die Behandlungen auf dieser Ebene sind gr\u00f6\u00dftenteils anderen Berufsgruppen vorbehalten. Eine Kooperation mit \u00c4rztInnen, Physio- und PsychotherapeutInnen, Lebens- und SozialberaterInnen, MasseurInnen usw. ist somit nicht nur sinnvoll \u2013 sondern im Sinne der Ganzheitlichkeit \u2013 auch w\u00fcnschenswert.<\/p>\n\n\n\n<p>Quelle:&nbsp;<a href=\"http:\/\/www.humanenergetiker.co.at\/berufsbild\/3-ebenen-modell\/\" target=\"_blank\" rel=\"noreferrer noopener\">Humanenergetik \/ WKO Die pers\u00f6nlichen Dienstleister<\/a><\/p>\n\n\n\n<p><strong>Bitte beachten Sie: <\/strong><em>Bei den Behandlungen wird nicht beabsichtigt, irgendeine Krankheit oder irgendein Symptom zu diagnostizieren. Es werden keine Heilversprechen gegeben. Die Behandlungen ersetzen keinen Arztbesuch und sind keinerlei Ersatz f\u00fcr psychologische oder physiotherapeutische Behandlungen oder Untersuchungen.<\/em><\/p>\n","protected":false},"excerpt":{"rendered":"<p>Atlas Wirbels\u00e4ulenstabilisierung &#8211; Humanenergetische Methode Der Atlas spielt als unser erster Halswirbel eine entscheidende Rolle um Gesundheit zu erhalten und unser Wohlbefinden zu f\u00f6rdern. Er ist der Tr\u00e4ger unseres Kopfes und stellt das Bindeglied zwischen Kopf und K\u00f6rper da. Verschiebt<\/p>\n","protected":false},"author":1,"featured_media":0,"parent":0,"menu_order":1,"comment_status":"closed","ping_status":"closed","template":"","meta":{"footnotes":""},"class_list":["post-224","page","type-page","status-publish","hentry"],"_links":{"self":[{"href":"https:\/\/www.rehlax.at\/index.php?rest_route=\/wp\/v2\/pages\/224","targetHints":{"allow":["GET"]}}],"collection":[{"href":"https:\/\/www.rehlax.at\/index.php?rest_route=\/wp\/v2\/pages"}],"about":[{"href":"https:\/\/www.rehlax.at\/index.php?rest_route=\/wp\/v2\/types\/page"}],"author":[{"embeddable":true,"href":"https:\/\/www.rehlax.at\/index.php?rest_route=\/wp\/v2\/users\/1"}],"replies":[{"embeddable":true,"href":"https:\/\/www.rehlax.at\/index.php?rest_route=%2Fwp%2Fv2%2Fcomments&post=224"}],"version-history":[{"count":25,"href":"https:\/\/www.rehlax.at\/index.php?rest_route=\/wp\/v2\/pages\/224\/revisions"}],"predecessor-version":[{"id":514,"href":"https:\/\/www.rehlax.at\/index.php?rest_route=\/wp\/v2\/pages\/224\/revisions\/514"}],"wp:attachment":[{"href":"https:\/\/www.rehlax.at\/index.php?rest_route=%2Fwp%2Fv2%2Fmedia&parent=224"}],"curies":[{"name":"wp","href":"https:\/\/api.w.org\/{rel}","templated":true}]}}