{"id":2,"date":"2019-11-07T16:21:08","date_gmt":"2019-11-07T16:21:08","guid":{"rendered":"https:\/\/www.rehlax.at\/?page_id=2"},"modified":"2019-11-08T09:04:03","modified_gmt":"2019-11-08T09:04:03","slug":"sample-page","status":"publish","type":"page","link":"https:\/\/www.rehlax.at\/","title":{"rendered":"Startseite"},"content":{"rendered":"\n<p style=\"text-align:center\">Energie flie\u00dft durch uns wie ein Fluss durch das Land und speist die Felder mit Wasser.<\/p>\n\n\n\n<blockquote class=\"wp-block-quote is-layout-flow wp-block-quote-is-layout-flow\"><p>&#8222;Wer keine Zeit f\u00fcr seine Gesundheit hat, wird sp\u00e4ter viel Zeit f\u00fcr seine Krankheiten brauchen.&#8220; <\/p><cite>Sebastian Kneipp (1821-1897)<\/cite><\/blockquote>\n\n\n\n<figure class=\"wp-block-embed-facebook alignfull wp-block-embed\"><div class=\"wp-block-embed__wrapper\">\nhttps:\/\/www.facebook.com\/aloeveraland.at\n<\/div><figcaption>Besuchen Sie uns auf Facebook<\/figcaption><\/figure>\n","protected":false},"excerpt":{"rendered":"<p>Energie flie\u00dft durch uns wie ein Fluss durch das Land und speist die Felder mit Wasser. &#8222;Wer keine Zeit f\u00fcr seine Gesundheit hat, wird sp\u00e4ter viel Zeit f\u00fcr seine Krankheiten brauchen.&#8220; Sebastian Kneipp (1821-1897)<\/p>\n","protected":false},"author":1,"featured_media":0,"parent":0,"menu_order":0,"comment_status":"closed","ping_status":"open","template":"page-templates\/business.php","meta":{"footnotes":""},"class_list":["post-2","page","type-page","status-publish","hentry"],"_links":{"self":[{"href":"https:\/\/www.rehlax.at\/index.php?rest_route=\/wp\/v2\/pages\/2","targetHints":{"allow":["GET"]}}],"collection":[{"href":"https:\/\/www.rehlax.at\/index.php?rest_route=\/wp\/v2\/pages"}],"about":[{"href":"https:\/\/www.rehlax.at\/index.php?rest_route=\/wp\/v2\/types\/page"}],"author":[{"embeddable":true,"href":"https:\/\/www.rehlax.at\/index.php?rest_route=\/wp\/v2\/users\/1"}],"replies":[{"embeddable":true,"href":"https:\/\/www.rehlax.at\/index.php?rest_route=%2Fwp%2Fv2%2Fcomments&post=2"}],"version-history":[{"count":8,"href":"https:\/\/www.rehlax.at\/index.php?rest_route=\/wp\/v2\/pages\/2\/revisions"}],"predecessor-version":[{"id":486,"href":"https:\/\/www.rehlax.at\/index.php?rest_route=\/wp\/v2\/pages\/2\/revisions\/486"}],"wp:attachment":[{"href":"https:\/\/www.rehlax.at\/index.php?rest_route=%2Fwp%2Fv2%2Fmedia&parent=2"}],"curies":[{"name":"wp","href":"https:\/\/api.w.org\/{rel}","templated":true}]}}